{"id":56048,"date":"2020-05-12T09:29:03","date_gmt":"2020-05-12T09:29:03","guid":{"rendered":"https:\/\/www.mixlife.pt\/portfolio\/"},"modified":"2026-03-25T10:23:18","modified_gmt":"2026-03-25T10:23:18","slug":"portfolio","status":"publish","type":"page","link":"https:\/\/www.mixlife.pt\/fr\/portfolio\/","title":{"rendered":"Portfolio"},"content":{"rendered":"\t\t<div data-elementor-type=\"wp-page\" data-elementor-id=\"56048\" class=\"elementor elementor-56048 elementor-27460\" data-elementor-post-type=\"page\">\n\t\t\t\t\t\t<section class=\"elementor-section elementor-top-section elementor-element elementor-element-423057cd elementor-section-stretched elementor-section-boxed elementor-section-height-default elementor-section-height-default\" data-id=\"423057cd\" data-element_type=\"section\" data-e-type=\"section\" data-settings=\"{&quot;stretch_section&quot;:&quot;section-stretched&quot;,&quot;background_background&quot;:&quot;classic&quot;}\">\n\t\t\t\t\t\t<div class=\"elementor-container elementor-column-gap-default\">\n\t\t\t\t\t<div class=\"elementor-column elementor-col-100 elementor-top-column elementor-element elementor-element-553d56a4\" data-id=\"553d56a4\" data-element_type=\"column\" data-e-type=\"column\" data-settings=\"{&quot;background_background&quot;:&quot;classic&quot;}\">\n\t\t\t<div class=\"elementor-widget-wrap elementor-element-populated\">\n\t\t\t\t\t\t<div class=\"elementor-element elementor-element-d38bfe1 elementor-widget elementor-widget-heading\" data-id=\"d38bfe1\" data-element_type=\"widget\" data-e-type=\"widget\" data-widget_type=\"heading.default\">\n\t\t\t\t<div class=\"elementor-widget-container\">\n\t\t\t\t\t<h1 class=\"elementor-heading-title elementor-size-default\">Portfolio<\/h1>\t\t\t\t<\/div>\n\t\t\t\t<\/div>\n\t\t\t\t<div class=\"elementor-element elementor-element-7242bfb8 elementor-widget elementor-widget-heading\" data-id=\"7242bfb8\" data-element_type=\"widget\" data-e-type=\"widget\" data-widget_type=\"heading.default\">\n\t\t\t\t<div class=\"elementor-widget-container\">\n\t\t\t\t\t<h2 class=\"elementor-heading-title elementor-size-default\">CLIENTS QUI FONT CONFIANCE \u00c0 NOTRE TRAVAIL<\/h2>\t\t\t\t<\/div>\n\t\t\t\t<\/div>\n\t\t\t\t\t<\/div>\n\t\t<\/div>\n\t\t\t\t\t<\/div>\n\t\t<\/section>\n\t\t\t\t<section class=\"elementor-section elementor-top-section elementor-element elementor-element-9898fdc elementor-section-stretched elementor-section-boxed elementor-section-height-default elementor-section-height-default\" data-id=\"9898fdc\" data-element_type=\"section\" data-e-type=\"section\" data-settings=\"{&quot;stretch_section&quot;:&quot;section-stretched&quot;}\">\n\t\t\t\t\t\t<div class=\"elementor-container elementor-column-gap-default\">\n\t\t\t\t\t<div class=\"elementor-column elementor-col-100 elementor-top-column elementor-element elementor-element-1833ae9\" data-id=\"1833ae9\" data-element_type=\"column\" data-e-type=\"column\">\n\t\t\t<div class=\"elementor-widget-wrap elementor-element-populated\">\n\t\t\t\t\t\t\t<\/div>\n\t\t<\/div>\n\t\t\t\t\t<\/div>\n\t\t<\/section>\n\t\t\t\t<\/div>\n\t\t","protected":false},"excerpt":{"rendered":"<p>Portfolio CLIENTS QUI FONT CONFIANCE \u00c0 NOTRE TRAVAIL<\/p>\n","protected":false},"author":1,"featured_media":56047,"parent":0,"menu_order":0,"comment_status":"closed","ping_status":"closed","template":"elementor_header_footer","meta":{"_acf_changed":false,"footnotes":""},"class_list":["post-56048","page","type-page","status-publish","has-post-thumbnail","hentry"],"acf":[],"aioseo_notices":[],"aioseo_head":"\n\t\t<!-- All in One SEO Pro 4.9.6.1 - aioseo.com -->\n\t<meta name=\"description\" content=\"Portfolio CLIENTS QUI FONT CONFIANCE \u00c0 NOTRE TRAVAIL\" \/>\n\t<meta name=\"robots\" content=\"max-image-preview:large\" \/>\n\t<meta name=\"google-site-verification\" content=\"-wupNJrynawM_v0YJljgo2PnZM6sVl3saSVEgdl4AdQ\" \/>\n\t<link rel=\"canonical\" href=\"https:\/\/www.mixlife.pt\/fr\/portfolio\/\" \/>\n\t<meta name=\"generator\" content=\"All in One SEO Pro (AIOSEO) 4.9.6.1\" \/>\n\t\t<meta property=\"og:locale\" content=\"fr_FR\" \/>\n\t\t<meta property=\"og:site_name\" content=\"Mixlife Digital Agency - Cria\u00e7\u00e3o de Lojas Online, Marketing Digital, Cria\u00e7\u00e3o de sites, SEO, Inbound Marketing, Wordpress Experts, Suporte Wordpress e Woocommerce, Branding, Alojamento web\" \/>\n\t\t<meta property=\"og:type\" content=\"article\" \/>\n\t\t<meta property=\"og:title\" content=\"Portfolio - Mixlife Digital Agency\" \/>\n\t\t<meta property=\"og:description\" content=\"Portfolio CLIENTS QUI FONT CONFIANCE \u00c0 NOTRE TRAVAIL\" \/>\n\t\t<meta property=\"og:url\" content=\"https:\/\/www.mixlife.pt\/fr\/portfolio\/\" \/>\n\t\t<meta property=\"og:image\" content=\"https:\/\/www.mixlife.pt\/wp-content\/uploads\/2025\/04\/logo-branco.png\" \/>\n\t\t<meta property=\"og:image:secure_url\" content=\"https:\/\/www.mixlife.pt\/wp-content\/uploads\/2025\/04\/logo-branco.png\" \/>\n\t\t<meta property=\"article:published_time\" content=\"2020-05-12T09:29:03+00:00\" \/>\n\t\t<meta property=\"article:modified_time\" content=\"2026-03-25T10:23:18+00:00\" \/>\n\t\t<meta property=\"article:publisher\" content=\"https:\/\/www.facebook.com\/mixlife.pt\" \/>\n\t\t<meta name=\"twitter:card\" content=\"summary_large_image\" \/>\n\t\t<meta name=\"twitter:site\" content=\"@mixlife\" \/>\n\t\t<meta name=\"twitter:title\" content=\"Portfolio - Mixlife Digital Agency\" \/>\n\t\t<meta name=\"twitter:description\" content=\"Portfolio CLIENTS QUI FONT CONFIANCE \u00c0 NOTRE TRAVAIL\" \/>\n\t\t<meta name=\"twitter:creator\" content=\"@mixlife\" \/>\n\t\t<meta name=\"twitter:image\" content=\"https:\/\/www.mixlife.pt\/wp-content\/uploads\/2025\/04\/logo-branco.png\" \/>\n\t\t<script type=\"application\/ld+json\" class=\"aioseo-schema\">\n\t\t\t{\"@context\":\"https:\\\/\\\/schema.org\",\"@graph\":[{\"@type\":\"BreadcrumbList\",\"@id\":\"https:\\\/\\\/www.mixlife.pt\\\/fr\\\/portfolio\\\/#breadcrumblist\",\"itemListElement\":[{\"@type\":\"ListItem\",\"@id\":\"https:\\\/\\\/www.mixlife.pt\\\/fr\\\/#listItem\",\"position\":1,\"name\":\"Home\",\"item\":\"https:\\\/\\\/www.mixlife.pt\\\/fr\\\/\",\"nextItem\":{\"@type\":\"ListItem\",\"@id\":\"https:\\\/\\\/www.mixlife.pt\\\/fr\\\/portfolio\\\/#listItem\",\"name\":\"Portfolio\"}},{\"@type\":\"ListItem\",\"@id\":\"https:\\\/\\\/www.mixlife.pt\\\/fr\\\/portfolio\\\/#listItem\",\"position\":2,\"name\":\"Portfolio\",\"previousItem\":{\"@type\":\"ListItem\",\"@id\":\"https:\\\/\\\/www.mixlife.pt\\\/fr\\\/#listItem\",\"name\":\"Home\"}}]},{\"@type\":\"Organization\",\"@id\":\"https:\\\/\\\/www.mixlife.pt\\\/fr\\\/#organization\",\"name\":\"Mixlife Digital Agency\",\"description\":\"Cria\\u00e7\\u00e3o de Lojas Online, Marketing Digital, Cria\\u00e7\\u00e3o de sites, SEO, Inbound Marketing, Wordpress Experts, Suporte Wordpress e Woocommerce, Branding, Alojamento web\",\"url\":\"https:\\\/\\\/www.mixlife.pt\\\/fr\\\/\",\"telephone\":\"+351232283933\",\"logo\":{\"@type\":\"ImageObject\",\"url\":\"https:\\\/\\\/www.mixlife.pt\\\/wp-content\\\/uploads\\\/2020\\\/03\\\/logo-mix-preto-new.png\",\"@id\":\"https:\\\/\\\/www.mixlife.pt\\\/fr\\\/portfolio\\\/#organizationLogo\",\"width\":899,\"height\":136},\"image\":{\"@id\":\"https:\\\/\\\/www.mixlife.pt\\\/fr\\\/portfolio\\\/#organizationLogo\"},\"sameAs\":[\"https:\\\/\\\/www.facebook.com\\\/mixlife.pt\",\"https:\\\/\\\/twitter.com\\\/mixlife\",\"https:\\\/\\\/www.instagram.com\\\/mixlife.pt\",\"https:\\\/\\\/pt.linkedin.com\\\/company\\\/mixlife-lda\"]},{\"@type\":\"WebPage\",\"@id\":\"https:\\\/\\\/www.mixlife.pt\\\/fr\\\/portfolio\\\/#webpage\",\"url\":\"https:\\\/\\\/www.mixlife.pt\\\/fr\\\/portfolio\\\/\",\"name\":\"Portfolio - Mixlife Digital Agency\",\"description\":\"Portfolio CLIENTS QUI FONT CONFIANCE \\u00c0 NOTRE TRAVAIL\",\"inLanguage\":\"fr-FR\",\"isPartOf\":{\"@id\":\"https:\\\/\\\/www.mixlife.pt\\\/fr\\\/#website\"},\"breadcrumb\":{\"@id\":\"https:\\\/\\\/www.mixlife.pt\\\/fr\\\/portfolio\\\/#breadcrumblist\"},\"image\":{\"@type\":\"ImageObject\",\"url\":\"https:\\\/\\\/www.mixlife.pt\\\/wp-content\\\/uploads\\\/2020\\\/07\\\/Portfolio-Banner-1.jpg\",\"@id\":\"https:\\\/\\\/www.mixlife.pt\\\/fr\\\/portfolio\\\/#mainImage\",\"width\":1335,\"height\":489},\"primaryImageOfPage\":{\"@id\":\"https:\\\/\\\/www.mixlife.pt\\\/fr\\\/portfolio\\\/#mainImage\"},\"datePublished\":\"2020-05-12T09:29:03+00:00\",\"dateModified\":\"2026-03-25T10:23:18+00:00\"},{\"@type\":\"WebSite\",\"@id\":\"https:\\\/\\\/www.mixlife.pt\\\/fr\\\/#website\",\"url\":\"https:\\\/\\\/www.mixlife.pt\\\/fr\\\/\",\"name\":\"Mixlife Digital Agency\",\"description\":\"Cria\\u00e7\\u00e3o de Lojas Online, Marketing Digital, Cria\\u00e7\\u00e3o de sites, SEO, Inbound Marketing, Wordpress Experts, Suporte Wordpress e Woocommerce, Branding, Alojamento web\",\"inLanguage\":\"fr-FR\",\"publisher\":{\"@id\":\"https:\\\/\\\/www.mixlife.pt\\\/fr\\\/#organization\"}}]}\n\t\t<\/script>\n\t\t<!-- All in One SEO Pro -->\r\n\t\t<title>Portfolio - Mixlife Digital Agency<\/title>\n\n","aioseo_head_json":{"title":"Portfolio - Mixlife Digital Agency","description":"Portfolio CLIENTS QUI FONT CONFIANCE \u00c0 NOTRE TRAVAIL","canonical_url":"https:\/\/www.mixlife.pt\/fr\/portfolio\/","robots":"max-image-preview:large","keywords":"","webmasterTools":{"google-site-verification":"-wupNJrynawM_v0YJljgo2PnZM6sVl3saSVEgdl4AdQ","miscellaneous":""},"schema":{"@context":"https:\/\/schema.org","@graph":[{"@type":"BreadcrumbList","@id":"https:\/\/www.mixlife.pt\/fr\/portfolio\/#breadcrumblist","itemListElement":[{"@type":"ListItem","@id":"https:\/\/www.mixlife.pt\/fr\/#listItem","position":1,"name":"Home","item":"https:\/\/www.mixlife.pt\/fr\/","nextItem":{"@type":"ListItem","@id":"https:\/\/www.mixlife.pt\/fr\/portfolio\/#listItem","name":"Portfolio"}},{"@type":"ListItem","@id":"https:\/\/www.mixlife.pt\/fr\/portfolio\/#listItem","position":2,"name":"Portfolio","previousItem":{"@type":"ListItem","@id":"https:\/\/www.mixlife.pt\/fr\/#listItem","name":"Home"}}]},{"@type":"Organization","@id":"https:\/\/www.mixlife.pt\/fr\/#organization","name":"Mixlife Digital Agency","description":"Cria\u00e7\u00e3o de Lojas Online, Marketing Digital, Cria\u00e7\u00e3o de sites, SEO, Inbound Marketing, Wordpress Experts, Suporte Wordpress e Woocommerce, Branding, Alojamento web","url":"https:\/\/www.mixlife.pt\/fr\/","telephone":"+351232283933","logo":{"@type":"ImageObject","url":"https:\/\/www.mixlife.pt\/wp-content\/uploads\/2020\/03\/logo-mix-preto-new.png","@id":"https:\/\/www.mixlife.pt\/fr\/portfolio\/#organizationLogo","width":899,"height":136},"image":{"@id":"https:\/\/www.mixlife.pt\/fr\/portfolio\/#organizationLogo"},"sameAs":["https:\/\/www.facebook.com\/mixlife.pt","https:\/\/twitter.com\/mixlife","https:\/\/www.instagram.com\/mixlife.pt","https:\/\/pt.linkedin.com\/company\/mixlife-lda"]},{"@type":"WebPage","@id":"https:\/\/www.mixlife.pt\/fr\/portfolio\/#webpage","url":"https:\/\/www.mixlife.pt\/fr\/portfolio\/","name":"Portfolio - Mixlife Digital Agency","description":"Portfolio CLIENTS QUI FONT CONFIANCE \u00c0 NOTRE TRAVAIL","inLanguage":"fr-FR","isPartOf":{"@id":"https:\/\/www.mixlife.pt\/fr\/#website"},"breadcrumb":{"@id":"https:\/\/www.mixlife.pt\/fr\/portfolio\/#breadcrumblist"},"image":{"@type":"ImageObject","url":"https:\/\/www.mixlife.pt\/wp-content\/uploads\/2020\/07\/Portfolio-Banner-1.jpg","@id":"https:\/\/www.mixlife.pt\/fr\/portfolio\/#mainImage","width":1335,"height":489},"primaryImageOfPage":{"@id":"https:\/\/www.mixlife.pt\/fr\/portfolio\/#mainImage"},"datePublished":"2020-05-12T09:29:03+00:00","dateModified":"2026-03-25T10:23:18+00:00"},{"@type":"WebSite","@id":"https:\/\/www.mixlife.pt\/fr\/#website","url":"https:\/\/www.mixlife.pt\/fr\/","name":"Mixlife Digital Agency","description":"Cria\u00e7\u00e3o de Lojas Online, Marketing Digital, Cria\u00e7\u00e3o de sites, SEO, Inbound Marketing, Wordpress Experts, Suporte Wordpress e Woocommerce, Branding, Alojamento web","inLanguage":"fr-FR","publisher":{"@id":"https:\/\/www.mixlife.pt\/fr\/#organization"}}]},"og:locale":"fr_FR","og:site_name":"Mixlife Digital Agency - Cria\u00e7\u00e3o de Lojas Online, Marketing Digital, Cria\u00e7\u00e3o de sites, SEO, Inbound Marketing, Wordpress Experts, Suporte Wordpress e Woocommerce, Branding, Alojamento web","og:type":"article","og:title":"Portfolio - Mixlife Digital Agency","og:description":"Portfolio CLIENTS QUI FONT CONFIANCE \u00c0 NOTRE TRAVAIL","og:url":"https:\/\/www.mixlife.pt\/fr\/portfolio\/","og:image":"https:\/\/www.mixlife.pt\/wp-content\/uploads\/2025\/04\/logo-branco.png","og:image:secure_url":"https:\/\/www.mixlife.pt\/wp-content\/uploads\/2025\/04\/logo-branco.png","article:published_time":"2020-05-12T09:29:03+00:00","article:modified_time":"2026-03-25T10:23:18+00:00","article:publisher":"https:\/\/www.facebook.com\/mixlife.pt","twitter:card":"summary_large_image","twitter:site":"@mixlife","twitter:title":"Portfolio - Mixlife Digital Agency","twitter:description":"Portfolio CLIENTS QUI FONT CONFIANCE \u00c0 NOTRE TRAVAIL","twitter:creator":"@mixlife","twitter:image":"https:\/\/www.mixlife.pt\/wp-content\/uploads\/2025\/04\/logo-branco.png"},"aioseo_meta_data":{"post_id":"56048","title":null,"description":null,"keywords":null,"keyphrases":null,"primary_term":null,"canonical_url":null,"og_title":null,"og_description":null,"og_object_type":"default","og_image_type":"default","og_image_url":null,"og_image_width":null,"og_image_height":null,"og_image_custom_url":null,"og_image_custom_fields":null,"og_video":null,"og_custom_url":null,"og_article_section":null,"og_article_tags":null,"twitter_use_og":false,"twitter_card":"default","twitter_image_type":"default","twitter_image_url":null,"twitter_image_custom_url":null,"twitter_image_custom_fields":null,"twitter_title":null,"twitter_description":null,"schema":{"blockGraphs":[],"customGraphs":[],"default":{"data":{"Article":[],"Course":[],"Dataset":[],"FAQPage":[],"Movie":[],"Person":[],"Product":[],"ProductReview":[],"Car":[],"Recipe":[],"Service":[],"SoftwareApplication":[],"WebPage":[]},"graphName":"","isEnabled":true},"graphs":[]},"schema_type":"default","schema_type_options":null,"pillar_content":false,"robots_default":true,"robots_noindex":false,"robots_noarchive":false,"robots_nosnippet":false,"robots_nofollow":false,"robots_noimageindex":false,"robots_noodp":false,"robots_notranslate":false,"robots_max_snippet":null,"robots_max_videopreview":null,"robots_max_imagepreview":"large","priority":null,"frequency":null,"local_seo":null,"seo_analyzer_scan_date":"2026-03-25 10:30:01","breadcrumb_settings":null,"limit_modified_date":false,"reviewed_by":null,"open_ai":null,"ai":null,"created":"2026-03-25 10:23:17","updated":"2026-03-25 10:51:30"},"aioseo_breadcrumb":"<div class=\"aioseo-breadcrumbs\"><span class=\"aioseo-breadcrumb\">\n\t<a href=\"https:\/\/www.mixlife.pt\/fr\/\" title=\"Home\">Home<\/a>\n<\/span><span class=\"aioseo-breadcrumb-separator\">&raquo;<\/span><span class=\"aioseo-breadcrumb\">\n\tPortfolio\n<\/span><\/div>","aioseo_breadcrumb_json":[{"label":"Home","link":"https:\/\/www.mixlife.pt\/fr\/"},{"label":"Portfolio","link":"https:\/\/www.mixlife.pt\/fr\/portfolio\/"}],"_links":{"self":[{"href":"https:\/\/www.mixlife.pt\/fr\/wp-json\/wp\/v2\/pages\/56048","targetHints":{"allow":["GET"]}}],"collection":[{"href":"https:\/\/www.mixlife.pt\/fr\/wp-json\/wp\/v2\/pages"}],"about":[{"href":"https:\/\/www.mixlife.pt\/fr\/wp-json\/wp\/v2\/types\/page"}],"author":[{"embeddable":true,"href":"https:\/\/www.mixlife.pt\/fr\/wp-json\/wp\/v2\/users\/1"}],"replies":[{"embeddable":true,"href":"https:\/\/www.mixlife.pt\/fr\/wp-json\/wp\/v2\/comments?post=56048"}],"version-history":[{"count":1,"href":"https:\/\/www.mixlife.pt\/fr\/wp-json\/wp\/v2\/pages\/56048\/revisions"}],"predecessor-version":[{"id":56049,"href":"https:\/\/www.mixlife.pt\/fr\/wp-json\/wp\/v2\/pages\/56048\/revisions\/56049"}],"wp:featuredmedia":[{"embeddable":true,"href":"https:\/\/www.mixlife.pt\/fr\/wp-json\/wp\/v2\/media\/56047"}],"wp:attachment":[{"href":"https:\/\/www.mixlife.pt\/fr\/wp-json\/wp\/v2\/media?parent=56048"}],"curies":[{"name":"wp","href":"https:\/\/api.w.org\/{rel}","templated":true}]}}